{"id":4987,"date":"2025-11-08T01:03:08","date_gmt":"2025-11-08T01:03:08","guid":{"rendered":"https:\/\/linuelle.com\/?post_type=product&#038;p=4987"},"modified":"2025-11-10T12:23:59","modified_gmt":"2025-11-10T12:23:59","slug":"selkucik-sam-agaci-oyuncaq-taxta-d%c9%99st","status":"publish","type":"product","link":"https:\/\/linuelle.com\/az\/product\/selkucik-sam-agaci-oyuncaq-taxta-d%c9%99st\/","title":{"rendered":"\u015eelkun\u00e7ik, \u015fam a\u011fac\u0131 oyuncaq, taxta d\u0259st"},"content":{"rendered":"<p class=\"ai-optimize-25\">\u015eelkun\u00e7ik, \u015fam a\u011fac\u0131 oyuncaq, taxta d\u0259st<\/p>","protected":false},"excerpt":{"rendered":"<p class=\"ai-optimize-28 ai-optimize-introduction\">\u015eelkun\u00e7ik, \u015fam a\u011fac\u0131 oyuncaq, taxta d\u0259st<\/p>","protected":false},"featured_media":4986,"comment_status":"open","ping_status":"closed","template":"","meta":[],"product_brand":[370],"product_cat":[372],"product_tag":[],"class_list":{"0":"post-4987","1":"product","2":"type-product","3":"status-publish","4":"has-post-thumbnail","6":"product_brand-larina-lifestyle","7":"product_cat-christmas-accesories","9":"first","10":"instock","11":"sale","12":"shipping-taxable","13":"purchasable","14":"product-type-simple"},"yoast_head":"<!-- This site is optimized with the Yoast SEO Premium plugin v25.2 (Yoast SEO v26.3) - https:\/\/yoast.com\/wordpress\/plugins\/seo\/ -->\n<title>\u015eelkun\u00e7ik, \u015fam a\u011fac\u0131 oyuncaq, taxta d\u0259st - linuelle.com<\/title>\n<meta name=\"robots\" content=\"index, follow, max-snippet:-1, max-image-preview:large, max-video-preview:-1\" \/>\n<link rel=\"canonical\" href=\"https:\/\/linuelle.com\/az\/product\/selkucik-sam-agaci-oyuncaq-taxta-d\u0259st\/\" \/>\n<meta property=\"og:locale\" content=\"az_AZ\" \/>\n<meta property=\"og:type\" content=\"article\" \/>\n<meta property=\"og:title\" content=\"\u015eelkun\u00e7ik, \u015fam a\u011fac\u0131 oyuncaq, taxta d\u0259st\" \/>\n<meta property=\"og:description\" content=\"\u015eelkun\u00e7ik, \u015fam a\u011fac\u0131 oyuncaq, taxta d\u0259st\" \/>\n<meta property=\"og:url\" content=\"https:\/\/linuelle.com\/az\/product\/selkucik-sam-agaci-oyuncaq-taxta-d\u0259st\/\" \/>\n<meta property=\"og:site_name\" content=\"linuelle.com\" \/>\n<meta property=\"article:modified_time\" content=\"2025-11-10T12:23:59+00:00\" \/>\n<meta property=\"og:image\" content=\"https:\/\/linuelle.com\/wp-content\/uploads\/2025\/11\/Selkucik-sam-agaci-oyuncaq-taxta-d\u0259st-.jpeg\" \/>\n\t<meta property=\"og:image:width\" content=\"1169\" \/>\n\t<meta property=\"og:image:height\" content=\"1107\" \/>\n\t<meta property=\"og:image:type\" content=\"image\/jpeg\" \/>\n<meta name=\"twitter:card\" content=\"summary_large_image\" \/>\n<meta name=\"twitter:label1\" content=\"Price\" \/>\n\t<meta name=\"twitter:data1\" content=\"&#8380;34.99\" \/>\n\t<meta name=\"twitter:label2\" content=\"Availability\" \/>\n\t<meta name=\"twitter:data2\" content=\"In stock\" \/>\n<script type=\"application\/ld+json\" class=\"yoast-schema-graph\">{\"@context\":\"https:\/\/schema.org\",\"@graph\":[{\"@type\":\"WebPage\",\"@id\":\"https:\/\/linuelle.com\/product\/selkucik-sam-agaci-oyuncaq-taxta-d%c9%99st\/\",\"url\":\"https:\/\/linuelle.com\/product\/selkucik-sam-agaci-oyuncaq-taxta-d%c9%99st\/\",\"name\":\"\u015eelkun\u00e7ik, \u015fam a\u011fac\u0131 oyuncaq, taxta d\u0259st - linuelle.com\",\"isPartOf\":{\"@id\":\"https:\/\/linuelle.com\/#website\"},\"primaryImageOfPage\":{\"@id\":\"https:\/\/linuelle.com\/product\/selkucik-sam-agaci-oyuncaq-taxta-d%c9%99st\/#primaryimage\"},\"image\":{\"@id\":\"https:\/\/linuelle.com\/product\/selkucik-sam-agaci-oyuncaq-taxta-d%c9%99st\/#primaryimage\"},\"thumbnailUrl\":\"https:\/\/linuelle.com\/wp-content\/uploads\/2025\/11\/Selkucik-sam-agaci-oyuncaq-taxta-d\u0259st-.jpeg\",\"datePublished\":\"2025-11-08T01:03:08+00:00\",\"dateModified\":\"2025-11-10T12:23:59+00:00\",\"breadcrumb\":{\"@id\":\"https:\/\/linuelle.com\/product\/selkucik-sam-agaci-oyuncaq-taxta-d%c9%99st\/#breadcrumb\"},\"inLanguage\":\"az\",\"potentialAction\":[{\"@type\":\"ReadAction\",\"target\":[\"https:\/\/linuelle.com\/product\/selkucik-sam-agaci-oyuncaq-taxta-d%c9%99st\/\"]}]},{\"@type\":\"ImageObject\",\"inLanguage\":\"az\",\"@id\":\"https:\/\/linuelle.com\/product\/selkucik-sam-agaci-oyuncaq-taxta-d%c9%99st\/#primaryimage\",\"url\":\"https:\/\/linuelle.com\/wp-content\/uploads\/2025\/11\/Selkucik-sam-agaci-oyuncaq-taxta-d\u0259st-.jpeg\",\"contentUrl\":\"https:\/\/linuelle.com\/wp-content\/uploads\/2025\/11\/Selkucik-sam-agaci-oyuncaq-taxta-d\u0259st-.jpeg\",\"width\":1169,\"height\":1107},{\"@type\":\"BreadcrumbList\",\"@id\":\"https:\/\/linuelle.com\/product\/selkucik-sam-agaci-oyuncaq-taxta-d%c9%99st\/#breadcrumb\",\"itemListElement\":[{\"@type\":\"ListItem\",\"position\":1,\"name\":\"Home\",\"item\":\"https:\/\/linuelle.com\/\"},{\"@type\":\"ListItem\",\"position\":2,\"name\":\"Shop\",\"item\":\"https:\/\/linuelle.com\/shop\/\"},{\"@type\":\"ListItem\",\"position\":3,\"name\":\"\u015eelkun\u00e7ik, \u015fam a\u011fac\u0131 oyuncaq, taxta d\u0259st\"}]},{\"@type\":\"WebSite\",\"@id\":\"https:\/\/linuelle.com\/#website\",\"url\":\"https:\/\/linuelle.com\/\",\"name\":\"linuelle.com\",\"description\":\"\",\"potentialAction\":[{\"@type\":\"SearchAction\",\"target\":{\"@type\":\"EntryPoint\",\"urlTemplate\":\"https:\/\/linuelle.com\/?s={search_term_string}\"},\"query-input\":{\"@type\":\"PropertyValueSpecification\",\"valueRequired\":true,\"valueName\":\"search_term_string\"}}],\"inLanguage\":\"az\"}]}<\/script>\n<meta property=\"product:price:amount\" content=\"34.99\" \/>\n<meta property=\"product:price:currency\" content=\"AZN\" \/>\n<meta property=\"og:availability\" content=\"instock\" \/>\n<meta property=\"product:availability\" content=\"instock\" \/>\n<meta property=\"product:condition\" content=\"new\" \/>\n<!-- \/ Yoast SEO Premium plugin. -->","yoast_head_json":{"title":"\u015eelkun\u00e7ik, \u015fam a\u011fac\u0131 oyuncaq, taxta d\u0259st - linuelle.com","robots":{"index":"index","follow":"follow","max-snippet":"max-snippet:-1","max-image-preview":"max-image-preview:large","max-video-preview":"max-video-preview:-1"},"canonical":"https:\/\/linuelle.com\/az\/product\/selkucik-sam-agaci-oyuncaq-taxta-d\u0259st\/","og_locale":"az_AZ","og_type":"article","og_title":"\u015eelkun\u00e7ik, \u015fam a\u011fac\u0131 oyuncaq, taxta d\u0259st","og_description":"\u015eelkun\u00e7ik, \u015fam a\u011fac\u0131 oyuncaq, taxta d\u0259st","og_url":"https:\/\/linuelle.com\/az\/product\/selkucik-sam-agaci-oyuncaq-taxta-d\u0259st\/","og_site_name":"linuelle.com","article_modified_time":"2025-11-10T12:23:59+00:00","og_image":[{"width":1169,"height":1107,"url":"https:\/\/linuelle.com\/wp-content\/uploads\/2025\/11\/Selkucik-sam-agaci-oyuncaq-taxta-d\u0259st-.jpeg","type":"image\/jpeg"}],"twitter_card":"summary_large_image","twitter_misc":{"Price":"&#8380;34.99","Availability":"In stock"},"schema":{"@context":"https:\/\/schema.org","@graph":[{"@type":"WebPage","@id":"https:\/\/linuelle.com\/product\/selkucik-sam-agaci-oyuncaq-taxta-d%c9%99st\/","url":"https:\/\/linuelle.com\/product\/selkucik-sam-agaci-oyuncaq-taxta-d%c9%99st\/","name":"\u015eelkun\u00e7ik, \u015fam a\u011fac\u0131 oyuncaq, taxta d\u0259st - linuelle.com","isPartOf":{"@id":"https:\/\/linuelle.com\/#website"},"primaryImageOfPage":{"@id":"https:\/\/linuelle.com\/product\/selkucik-sam-agaci-oyuncaq-taxta-d%c9%99st\/#primaryimage"},"image":{"@id":"https:\/\/linuelle.com\/product\/selkucik-sam-agaci-oyuncaq-taxta-d%c9%99st\/#primaryimage"},"thumbnailUrl":"https:\/\/linuelle.com\/wp-content\/uploads\/2025\/11\/Selkucik-sam-agaci-oyuncaq-taxta-d\u0259st-.jpeg","datePublished":"2025-11-08T01:03:08+00:00","dateModified":"2025-11-10T12:23:59+00:00","breadcrumb":{"@id":"https:\/\/linuelle.com\/product\/selkucik-sam-agaci-oyuncaq-taxta-d%c9%99st\/#breadcrumb"},"inLanguage":"az","potentialAction":[{"@type":"ReadAction","target":["https:\/\/linuelle.com\/product\/selkucik-sam-agaci-oyuncaq-taxta-d%c9%99st\/"]}]},{"@type":"ImageObject","inLanguage":"az","@id":"https:\/\/linuelle.com\/product\/selkucik-sam-agaci-oyuncaq-taxta-d%c9%99st\/#primaryimage","url":"https:\/\/linuelle.com\/wp-content\/uploads\/2025\/11\/Selkucik-sam-agaci-oyuncaq-taxta-d\u0259st-.jpeg","contentUrl":"https:\/\/linuelle.com\/wp-content\/uploads\/2025\/11\/Selkucik-sam-agaci-oyuncaq-taxta-d\u0259st-.jpeg","width":1169,"height":1107},{"@type":"BreadcrumbList","@id":"https:\/\/linuelle.com\/product\/selkucik-sam-agaci-oyuncaq-taxta-d%c9%99st\/#breadcrumb","itemListElement":[{"@type":"ListItem","position":1,"name":"Home","item":"https:\/\/linuelle.com\/"},{"@type":"ListItem","position":2,"name":"Shop","item":"https:\/\/linuelle.com\/shop\/"},{"@type":"ListItem","position":3,"name":"\u015eelkun\u00e7ik, \u015fam a\u011fac\u0131 oyuncaq, taxta d\u0259st"}]},{"@type":"WebSite","@id":"https:\/\/linuelle.com\/#website","url":"https:\/\/linuelle.com\/","name":"linuelle.com","description":"","potentialAction":[{"@type":"SearchAction","target":{"@type":"EntryPoint","urlTemplate":"https:\/\/linuelle.com\/?s={search_term_string}"},"query-input":{"@type":"PropertyValueSpecification","valueRequired":true,"valueName":"search_term_string"}}],"inLanguage":"az"}]},"product_price_amount":"34.99","product_price_currency":"AZN","og_availability":"instock","product_availability":"instock","product_condition":"new"},"_links":{"self":[{"href":"https:\/\/linuelle.com\/az\/wp-json\/wp\/v2\/product\/4987","targetHints":{"allow":["GET"]}}],"collection":[{"href":"https:\/\/linuelle.com\/az\/wp-json\/wp\/v2\/product"}],"about":[{"href":"https:\/\/linuelle.com\/az\/wp-json\/wp\/v2\/types\/product"}],"replies":[{"embeddable":true,"href":"https:\/\/linuelle.com\/az\/wp-json\/wp\/v2\/comments?post=4987"}],"version-history":[{"count":2,"href":"https:\/\/linuelle.com\/az\/wp-json\/wp\/v2\/product\/4987\/revisions"}],"predecessor-version":[{"id":5065,"href":"https:\/\/linuelle.com\/az\/wp-json\/wp\/v2\/product\/4987\/revisions\/5065"}],"wp:featuredmedia":[{"embeddable":true,"href":"https:\/\/linuelle.com\/az\/wp-json\/wp\/v2\/media\/4986"}],"wp:attachment":[{"href":"https:\/\/linuelle.com\/az\/wp-json\/wp\/v2\/media?parent=4987"}],"wp:term":[{"taxonomy":"product_brand","embeddable":true,"href":"https:\/\/linuelle.com\/az\/wp-json\/wp\/v2\/product_brand?post=4987"},{"taxonomy":"product_cat","embeddable":true,"href":"https:\/\/linuelle.com\/az\/wp-json\/wp\/v2\/product_cat?post=4987"},{"taxonomy":"product_tag","embeddable":true,"href":"https:\/\/linuelle.com\/az\/wp-json\/wp\/v2\/product_tag?post=4987"}],"curies":[{"name":"wp","href":"https:\/\/api.w.org\/{rel}","templated":true}]}}