{"id":4968,"date":"2025-11-07T23:25:10","date_gmt":"2025-11-07T23:25:10","guid":{"rendered":"https:\/\/linuelle.com\/?post_type=product&#038;p=4968"},"modified":"2025-11-07T23:44:36","modified_gmt":"2025-11-07T23:44:36","slug":"saxta-baba-fiquru","status":"publish","type":"product","link":"https:\/\/linuelle.com\/en\/product\/saxta-baba-fiquru\/","title":{"rendered":"\u015eaxta baba fiquru"},"content":{"rendered":"<p class=\"ai-optimize-27 ai-optimize-introduction\">\u015eaxta baba fiquru, yeni il aksesuar\u0131, H\u00fcnd\u00fcrl\u00fck 90 sm<\/p>\n","protected":false},"excerpt":{"rendered":"<p class=\"ai-optimize-33 ai-optimize-introduction\">\u015eaxta baba fiquru, yeni il aksesuar\u0131, H\u00fcnd\u00fcrl\u00fck 90 sm<\/p>\n","protected":false},"featured_media":4969,"comment_status":"open","ping_status":"closed","template":"","meta":[],"product_brand":[370],"product_cat":[372],"product_tag":[],"class_list":{"0":"post-4968","1":"product","2":"type-product","3":"status-publish","4":"has-post-thumbnail","6":"product_brand-larina-lifestyle","7":"product_cat-christmas-accesories","9":"first","10":"instock","11":"sale","12":"shipping-taxable","13":"purchasable","14":"product-type-simple"},"yoast_head":"<!-- This site is optimized with the Yoast SEO Premium plugin v25.2 (Yoast SEO v26.3) - https:\/\/yoast.com\/wordpress\/plugins\/seo\/ -->\n<title>\u015eaxta baba fiquru - linuelle.com<\/title>\n<meta name=\"robots\" content=\"index, follow, max-snippet:-1, max-image-preview:large, max-video-preview:-1\" \/>\n<link rel=\"canonical\" href=\"https:\/\/linuelle.com\/en\/product\/saxta-baba-fiquru\/\" \/>\n<meta property=\"og:locale\" content=\"en_US\" \/>\n<meta property=\"og:type\" content=\"article\" \/>\n<meta property=\"og:title\" content=\"\u015eaxta baba fiquru\" \/>\n<meta property=\"og:description\" content=\"\u015eaxta baba fiquru, yeni il aksesuar\u0131, H\u00fcnd\u00fcrl\u00fck 90 sm\" \/>\n<meta property=\"og:url\" content=\"https:\/\/linuelle.com\/en\/product\/saxta-baba-fiquru\/\" \/>\n<meta property=\"og:site_name\" content=\"linuelle.com\" \/>\n<meta property=\"article:modified_time\" content=\"2025-11-07T23:44:36+00:00\" \/>\n<meta property=\"og:image\" content=\"https:\/\/linuelle.com\/wp-content\/uploads\/2025\/11\/Saxta-baba-fiqur.jpg\" \/>\n\t<meta property=\"og:image:width\" content=\"1680\" \/>\n\t<meta property=\"og:image:height\" content=\"2136\" \/>\n\t<meta property=\"og:image:type\" content=\"image\/jpeg\" \/>\n<meta name=\"twitter:card\" content=\"summary_large_image\" \/>\n<meta name=\"twitter:label1\" content=\"Price\" \/>\n\t<meta name=\"twitter:data1\" content=\"&#8380;145.00\" \/>\n\t<meta name=\"twitter:label2\" content=\"Availability\" \/>\n\t<meta name=\"twitter:data2\" content=\"In stock\" \/>\n<script type=\"application\/ld+json\" class=\"yoast-schema-graph\">{\"@context\":\"https:\/\/schema.org\",\"@graph\":[{\"@type\":\"WebPage\",\"@id\":\"https:\/\/linuelle.com\/product\/saxta-baba-fiquru\/\",\"url\":\"https:\/\/linuelle.com\/product\/saxta-baba-fiquru\/\",\"name\":\"\u015eaxta baba fiquru - linuelle.com\",\"isPartOf\":{\"@id\":\"https:\/\/linuelle.com\/#website\"},\"primaryImageOfPage\":{\"@id\":\"https:\/\/linuelle.com\/product\/saxta-baba-fiquru\/#primaryimage\"},\"image\":{\"@id\":\"https:\/\/linuelle.com\/product\/saxta-baba-fiquru\/#primaryimage\"},\"thumbnailUrl\":\"https:\/\/linuelle.com\/wp-content\/uploads\/2025\/11\/Saxta-baba-fiqur.jpg\",\"datePublished\":\"2025-11-07T23:25:10+00:00\",\"dateModified\":\"2025-11-07T23:44:36+00:00\",\"breadcrumb\":{\"@id\":\"https:\/\/linuelle.com\/product\/saxta-baba-fiquru\/#breadcrumb\"},\"inLanguage\":\"en-US\",\"potentialAction\":[{\"@type\":\"ReadAction\",\"target\":[\"https:\/\/linuelle.com\/product\/saxta-baba-fiquru\/\"]}]},{\"@type\":\"ImageObject\",\"inLanguage\":\"en-US\",\"@id\":\"https:\/\/linuelle.com\/product\/saxta-baba-fiquru\/#primaryimage\",\"url\":\"https:\/\/linuelle.com\/wp-content\/uploads\/2025\/11\/Saxta-baba-fiqur.jpg\",\"contentUrl\":\"https:\/\/linuelle.com\/wp-content\/uploads\/2025\/11\/Saxta-baba-fiqur.jpg\",\"width\":1680,\"height\":2136},{\"@type\":\"BreadcrumbList\",\"@id\":\"https:\/\/linuelle.com\/product\/saxta-baba-fiquru\/#breadcrumb\",\"itemListElement\":[{\"@type\":\"ListItem\",\"position\":1,\"name\":\"Home\",\"item\":\"https:\/\/linuelle.com\/\"},{\"@type\":\"ListItem\",\"position\":2,\"name\":\"Shop\",\"item\":\"https:\/\/linuelle.com\/shop\/\"},{\"@type\":\"ListItem\",\"position\":3,\"name\":\"\u015eaxta baba fiquru\"}]},{\"@type\":\"WebSite\",\"@id\":\"https:\/\/linuelle.com\/#website\",\"url\":\"https:\/\/linuelle.com\/\",\"name\":\"linuelle.com\",\"description\":\"\",\"potentialAction\":[{\"@type\":\"SearchAction\",\"target\":{\"@type\":\"EntryPoint\",\"urlTemplate\":\"https:\/\/linuelle.com\/?s={search_term_string}\"},\"query-input\":{\"@type\":\"PropertyValueSpecification\",\"valueRequired\":true,\"valueName\":\"search_term_string\"}}],\"inLanguage\":\"en-US\"}]}<\/script>\n<meta property=\"product:price:amount\" content=\"145.00\" \/>\n<meta property=\"product:price:currency\" content=\"AZN\" \/>\n<meta property=\"og:availability\" content=\"instock\" \/>\n<meta property=\"product:availability\" content=\"instock\" \/>\n<meta property=\"product:condition\" content=\"new\" \/>\n<!-- \/ Yoast SEO Premium plugin. -->","yoast_head_json":{"title":"\u015eaxta baba fiquru - linuelle.com","robots":{"index":"index","follow":"follow","max-snippet":"max-snippet:-1","max-image-preview":"max-image-preview:large","max-video-preview":"max-video-preview:-1"},"canonical":"https:\/\/linuelle.com\/en\/product\/saxta-baba-fiquru\/","og_locale":"en_US","og_type":"article","og_title":"\u015eaxta baba fiquru","og_description":"\u015eaxta baba fiquru, yeni il aksesuar\u0131, H\u00fcnd\u00fcrl\u00fck 90 sm","og_url":"https:\/\/linuelle.com\/en\/product\/saxta-baba-fiquru\/","og_site_name":"linuelle.com","article_modified_time":"2025-11-07T23:44:36+00:00","og_image":[{"width":1680,"height":2136,"url":"https:\/\/linuelle.com\/wp-content\/uploads\/2025\/11\/Saxta-baba-fiqur.jpg","type":"image\/jpeg"}],"twitter_card":"summary_large_image","twitter_misc":{"Price":"&#8380;145.00","Availability":"In stock"},"schema":{"@context":"https:\/\/schema.org","@graph":[{"@type":"WebPage","@id":"https:\/\/linuelle.com\/product\/saxta-baba-fiquru\/","url":"https:\/\/linuelle.com\/product\/saxta-baba-fiquru\/","name":"\u015eaxta baba fiquru - linuelle.com","isPartOf":{"@id":"https:\/\/linuelle.com\/#website"},"primaryImageOfPage":{"@id":"https:\/\/linuelle.com\/product\/saxta-baba-fiquru\/#primaryimage"},"image":{"@id":"https:\/\/linuelle.com\/product\/saxta-baba-fiquru\/#primaryimage"},"thumbnailUrl":"https:\/\/linuelle.com\/wp-content\/uploads\/2025\/11\/Saxta-baba-fiqur.jpg","datePublished":"2025-11-07T23:25:10+00:00","dateModified":"2025-11-07T23:44:36+00:00","breadcrumb":{"@id":"https:\/\/linuelle.com\/product\/saxta-baba-fiquru\/#breadcrumb"},"inLanguage":"en-US","potentialAction":[{"@type":"ReadAction","target":["https:\/\/linuelle.com\/product\/saxta-baba-fiquru\/"]}]},{"@type":"ImageObject","inLanguage":"en-US","@id":"https:\/\/linuelle.com\/product\/saxta-baba-fiquru\/#primaryimage","url":"https:\/\/linuelle.com\/wp-content\/uploads\/2025\/11\/Saxta-baba-fiqur.jpg","contentUrl":"https:\/\/linuelle.com\/wp-content\/uploads\/2025\/11\/Saxta-baba-fiqur.jpg","width":1680,"height":2136},{"@type":"BreadcrumbList","@id":"https:\/\/linuelle.com\/product\/saxta-baba-fiquru\/#breadcrumb","itemListElement":[{"@type":"ListItem","position":1,"name":"Home","item":"https:\/\/linuelle.com\/"},{"@type":"ListItem","position":2,"name":"Shop","item":"https:\/\/linuelle.com\/shop\/"},{"@type":"ListItem","position":3,"name":"\u015eaxta baba fiquru"}]},{"@type":"WebSite","@id":"https:\/\/linuelle.com\/#website","url":"https:\/\/linuelle.com\/","name":"linuelle.com","description":"","potentialAction":[{"@type":"SearchAction","target":{"@type":"EntryPoint","urlTemplate":"https:\/\/linuelle.com\/?s={search_term_string}"},"query-input":{"@type":"PropertyValueSpecification","valueRequired":true,"valueName":"search_term_string"}}],"inLanguage":"en-US"}]},"product_price_amount":"145.00","product_price_currency":"AZN","og_availability":"instock","product_availability":"instock","product_condition":"new"},"_links":{"self":[{"href":"https:\/\/linuelle.com\/en\/wp-json\/wp\/v2\/product\/4968","targetHints":{"allow":["GET"]}}],"collection":[{"href":"https:\/\/linuelle.com\/en\/wp-json\/wp\/v2\/product"}],"about":[{"href":"https:\/\/linuelle.com\/en\/wp-json\/wp\/v2\/types\/product"}],"replies":[{"embeddable":true,"href":"https:\/\/linuelle.com\/en\/wp-json\/wp\/v2\/comments?post=4968"}],"version-history":[{"count":1,"href":"https:\/\/linuelle.com\/en\/wp-json\/wp\/v2\/product\/4968\/revisions"}],"predecessor-version":[{"id":4970,"href":"https:\/\/linuelle.com\/en\/wp-json\/wp\/v2\/product\/4968\/revisions\/4970"}],"wp:featuredmedia":[{"embeddable":true,"href":"https:\/\/linuelle.com\/en\/wp-json\/wp\/v2\/media\/4969"}],"wp:attachment":[{"href":"https:\/\/linuelle.com\/en\/wp-json\/wp\/v2\/media?parent=4968"}],"wp:term":[{"taxonomy":"product_brand","embeddable":true,"href":"https:\/\/linuelle.com\/en\/wp-json\/wp\/v2\/product_brand?post=4968"},{"taxonomy":"product_cat","embeddable":true,"href":"https:\/\/linuelle.com\/en\/wp-json\/wp\/v2\/product_cat?post=4968"},{"taxonomy":"product_tag","embeddable":true,"href":"https:\/\/linuelle.com\/en\/wp-json\/wp\/v2\/product_tag?post=4968"}],"curies":[{"name":"wp","href":"https:\/\/api.w.org\/{rel}","templated":true}]}}