{"id":5049,"date":"2025-11-10T11:23:48","date_gmt":"2025-11-10T11:23:48","guid":{"rendered":"https:\/\/linuelle.com\/?post_type=product&#038;p=5049"},"modified":"2025-11-10T11:23:49","modified_gmt":"2025-11-10T11:23:49","slug":"yolka-oyuncaq-d%c9%99sti-qirmizi","status":"publish","type":"product","link":"https:\/\/linuelle.com\/en\/product\/yolka-oyuncaq-d%c9%99sti-qirmizi\/","title":{"rendered":"Yolka oyuncaq d\u0259sti q\u0131rm\u0131z\u0131"},"content":{"rendered":"<p class=\"ai-optimize-28 ai-optimize-introduction\">Yolka oyuncaq d\u0259sti q\u0131rm\u0131z\u0131,12 \u0259d\u0259d<\/p>\n","protected":false},"excerpt":{"rendered":"<p class=\"ai-optimize-29 ai-optimize-introduction\">Yolka oyuncaq d\u0259sti q\u0131rm\u0131z\u0131,12 \u0259d\u0259d<\/p>\n","protected":false},"featured_media":5036,"comment_status":"open","ping_status":"closed","template":"","meta":[],"product_brand":[117],"product_cat":[372],"product_tag":[],"class_list":{"0":"post-5049","1":"product","2":"type-product","3":"status-publish","4":"has-post-thumbnail","6":"product_brand-jelous","7":"product_cat-christmas-accesories","9":"first","10":"instock","11":"sale","12":"shipping-taxable","13":"purchasable","14":"product-type-simple"},"yoast_head":"<!-- This site is optimized with the Yoast SEO Premium plugin v25.2 (Yoast SEO v26.3) - https:\/\/yoast.com\/wordpress\/plugins\/seo\/ -->\n<title>Yolka oyuncaq d\u0259sti q\u0131rm\u0131z\u0131 - linuelle.com<\/title>\n<meta name=\"robots\" content=\"index, follow, max-snippet:-1, max-image-preview:large, max-video-preview:-1\" \/>\n<link rel=\"canonical\" href=\"https:\/\/linuelle.com\/en\/product\/yolka-oyuncaq-d\u0259sti-qirmizi\/\" \/>\n<meta property=\"og:locale\" content=\"en_US\" \/>\n<meta property=\"og:type\" content=\"article\" \/>\n<meta property=\"og:title\" content=\"Yolka oyuncaq d\u0259sti q\u0131rm\u0131z\u0131\" \/>\n<meta property=\"og:description\" content=\"Yolka oyuncaq d\u0259sti q\u0131rm\u0131z\u0131,12 \u0259d\u0259d\" \/>\n<meta property=\"og:url\" content=\"https:\/\/linuelle.com\/en\/product\/yolka-oyuncaq-d\u0259sti-qirmizi\/\" \/>\n<meta property=\"og:site_name\" content=\"linuelle.com\" \/>\n<meta property=\"article:modified_time\" content=\"2025-11-10T11:23:49+00:00\" \/>\n<meta property=\"og:image\" content=\"https:\/\/linuelle.com\/wp-content\/uploads\/2025\/11\/Yolka-oyuncaq-desti-qirmizi-1.jpeg\" \/>\n\t<meta property=\"og:image:width\" content=\"793\" \/>\n\t<meta property=\"og:image:height\" content=\"793\" \/>\n\t<meta property=\"og:image:type\" content=\"image\/jpeg\" \/>\n<meta name=\"twitter:card\" content=\"summary_large_image\" \/>\n<meta name=\"twitter:label1\" content=\"Price\" \/>\n\t<meta name=\"twitter:data1\" content=\"&#8380;19.70\" \/>\n\t<meta name=\"twitter:label2\" content=\"Availability\" \/>\n\t<meta name=\"twitter:data2\" content=\"In stock\" \/>\n<script type=\"application\/ld+json\" class=\"yoast-schema-graph\">{\"@context\":\"https:\/\/schema.org\",\"@graph\":[{\"@type\":\"WebPage\",\"@id\":\"https:\/\/linuelle.com\/product\/yolka-oyuncaq-d%c9%99sti-qirmizi\/\",\"url\":\"https:\/\/linuelle.com\/product\/yolka-oyuncaq-d%c9%99sti-qirmizi\/\",\"name\":\"Yolka oyuncaq d\u0259sti q\u0131rm\u0131z\u0131 - linuelle.com\",\"isPartOf\":{\"@id\":\"https:\/\/linuelle.com\/#website\"},\"primaryImageOfPage\":{\"@id\":\"https:\/\/linuelle.com\/product\/yolka-oyuncaq-d%c9%99sti-qirmizi\/#primaryimage\"},\"image\":{\"@id\":\"https:\/\/linuelle.com\/product\/yolka-oyuncaq-d%c9%99sti-qirmizi\/#primaryimage\"},\"thumbnailUrl\":\"https:\/\/linuelle.com\/wp-content\/uploads\/2025\/11\/Yolka-oyuncaq-desti-qirmizi-1.jpeg\",\"datePublished\":\"2025-11-10T11:23:48+00:00\",\"dateModified\":\"2025-11-10T11:23:49+00:00\",\"breadcrumb\":{\"@id\":\"https:\/\/linuelle.com\/product\/yolka-oyuncaq-d%c9%99sti-qirmizi\/#breadcrumb\"},\"inLanguage\":\"en-US\",\"potentialAction\":[{\"@type\":\"ReadAction\",\"target\":[\"https:\/\/linuelle.com\/product\/yolka-oyuncaq-d%c9%99sti-qirmizi\/\"]}]},{\"@type\":\"ImageObject\",\"inLanguage\":\"en-US\",\"@id\":\"https:\/\/linuelle.com\/product\/yolka-oyuncaq-d%c9%99sti-qirmizi\/#primaryimage\",\"url\":\"https:\/\/linuelle.com\/wp-content\/uploads\/2025\/11\/Yolka-oyuncaq-desti-qirmizi-1.jpeg\",\"contentUrl\":\"https:\/\/linuelle.com\/wp-content\/uploads\/2025\/11\/Yolka-oyuncaq-desti-qirmizi-1.jpeg\",\"width\":793,\"height\":793},{\"@type\":\"BreadcrumbList\",\"@id\":\"https:\/\/linuelle.com\/product\/yolka-oyuncaq-d%c9%99sti-qirmizi\/#breadcrumb\",\"itemListElement\":[{\"@type\":\"ListItem\",\"position\":1,\"name\":\"Home\",\"item\":\"https:\/\/linuelle.com\/\"},{\"@type\":\"ListItem\",\"position\":2,\"name\":\"Shop\",\"item\":\"https:\/\/linuelle.com\/shop\/\"},{\"@type\":\"ListItem\",\"position\":3,\"name\":\"Yolka oyuncaq d\u0259sti q\u0131rm\u0131z\u0131\"}]},{\"@type\":\"WebSite\",\"@id\":\"https:\/\/linuelle.com\/#website\",\"url\":\"https:\/\/linuelle.com\/\",\"name\":\"linuelle.com\",\"description\":\"\",\"potentialAction\":[{\"@type\":\"SearchAction\",\"target\":{\"@type\":\"EntryPoint\",\"urlTemplate\":\"https:\/\/linuelle.com\/?s={search_term_string}\"},\"query-input\":{\"@type\":\"PropertyValueSpecification\",\"valueRequired\":true,\"valueName\":\"search_term_string\"}}],\"inLanguage\":\"en-US\"}]}<\/script>\n<meta property=\"product:price:amount\" content=\"19.70\" \/>\n<meta property=\"product:price:currency\" content=\"AZN\" \/>\n<meta property=\"og:availability\" content=\"instock\" \/>\n<meta property=\"product:availability\" content=\"instock\" \/>\n<meta property=\"product:condition\" content=\"new\" \/>\n<!-- \/ Yoast SEO Premium plugin. -->","yoast_head_json":{"title":"Yolka oyuncaq d\u0259sti q\u0131rm\u0131z\u0131 - linuelle.com","robots":{"index":"index","follow":"follow","max-snippet":"max-snippet:-1","max-image-preview":"max-image-preview:large","max-video-preview":"max-video-preview:-1"},"canonical":"https:\/\/linuelle.com\/en\/product\/yolka-oyuncaq-d\u0259sti-qirmizi\/","og_locale":"en_US","og_type":"article","og_title":"Yolka oyuncaq d\u0259sti q\u0131rm\u0131z\u0131","og_description":"Yolka oyuncaq d\u0259sti q\u0131rm\u0131z\u0131,12 \u0259d\u0259d","og_url":"https:\/\/linuelle.com\/en\/product\/yolka-oyuncaq-d\u0259sti-qirmizi\/","og_site_name":"linuelle.com","article_modified_time":"2025-11-10T11:23:49+00:00","og_image":[{"width":793,"height":793,"url":"https:\/\/linuelle.com\/wp-content\/uploads\/2025\/11\/Yolka-oyuncaq-desti-qirmizi-1.jpeg","type":"image\/jpeg"}],"twitter_card":"summary_large_image","twitter_misc":{"Price":"&#8380;19.70","Availability":"In stock"},"schema":{"@context":"https:\/\/schema.org","@graph":[{"@type":"WebPage","@id":"https:\/\/linuelle.com\/product\/yolka-oyuncaq-d%c9%99sti-qirmizi\/","url":"https:\/\/linuelle.com\/product\/yolka-oyuncaq-d%c9%99sti-qirmizi\/","name":"Yolka oyuncaq d\u0259sti q\u0131rm\u0131z\u0131 - linuelle.com","isPartOf":{"@id":"https:\/\/linuelle.com\/#website"},"primaryImageOfPage":{"@id":"https:\/\/linuelle.com\/product\/yolka-oyuncaq-d%c9%99sti-qirmizi\/#primaryimage"},"image":{"@id":"https:\/\/linuelle.com\/product\/yolka-oyuncaq-d%c9%99sti-qirmizi\/#primaryimage"},"thumbnailUrl":"https:\/\/linuelle.com\/wp-content\/uploads\/2025\/11\/Yolka-oyuncaq-desti-qirmizi-1.jpeg","datePublished":"2025-11-10T11:23:48+00:00","dateModified":"2025-11-10T11:23:49+00:00","breadcrumb":{"@id":"https:\/\/linuelle.com\/product\/yolka-oyuncaq-d%c9%99sti-qirmizi\/#breadcrumb"},"inLanguage":"en-US","potentialAction":[{"@type":"ReadAction","target":["https:\/\/linuelle.com\/product\/yolka-oyuncaq-d%c9%99sti-qirmizi\/"]}]},{"@type":"ImageObject","inLanguage":"en-US","@id":"https:\/\/linuelle.com\/product\/yolka-oyuncaq-d%c9%99sti-qirmizi\/#primaryimage","url":"https:\/\/linuelle.com\/wp-content\/uploads\/2025\/11\/Yolka-oyuncaq-desti-qirmizi-1.jpeg","contentUrl":"https:\/\/linuelle.com\/wp-content\/uploads\/2025\/11\/Yolka-oyuncaq-desti-qirmizi-1.jpeg","width":793,"height":793},{"@type":"BreadcrumbList","@id":"https:\/\/linuelle.com\/product\/yolka-oyuncaq-d%c9%99sti-qirmizi\/#breadcrumb","itemListElement":[{"@type":"ListItem","position":1,"name":"Home","item":"https:\/\/linuelle.com\/"},{"@type":"ListItem","position":2,"name":"Shop","item":"https:\/\/linuelle.com\/shop\/"},{"@type":"ListItem","position":3,"name":"Yolka oyuncaq d\u0259sti q\u0131rm\u0131z\u0131"}]},{"@type":"WebSite","@id":"https:\/\/linuelle.com\/#website","url":"https:\/\/linuelle.com\/","name":"linuelle.com","description":"","potentialAction":[{"@type":"SearchAction","target":{"@type":"EntryPoint","urlTemplate":"https:\/\/linuelle.com\/?s={search_term_string}"},"query-input":{"@type":"PropertyValueSpecification","valueRequired":true,"valueName":"search_term_string"}}],"inLanguage":"en-US"}]},"product_price_amount":"19.70","product_price_currency":"AZN","og_availability":"instock","product_availability":"instock","product_condition":"new"},"_links":{"self":[{"href":"https:\/\/linuelle.com\/en\/wp-json\/wp\/v2\/product\/5049","targetHints":{"allow":["GET"]}}],"collection":[{"href":"https:\/\/linuelle.com\/en\/wp-json\/wp\/v2\/product"}],"about":[{"href":"https:\/\/linuelle.com\/en\/wp-json\/wp\/v2\/types\/product"}],"replies":[{"embeddable":true,"href":"https:\/\/linuelle.com\/en\/wp-json\/wp\/v2\/comments?post=5049"}],"version-history":[{"count":1,"href":"https:\/\/linuelle.com\/en\/wp-json\/wp\/v2\/product\/5049\/revisions"}],"predecessor-version":[{"id":5050,"href":"https:\/\/linuelle.com\/en\/wp-json\/wp\/v2\/product\/5049\/revisions\/5050"}],"wp:featuredmedia":[{"embeddable":true,"href":"https:\/\/linuelle.com\/en\/wp-json\/wp\/v2\/media\/5036"}],"wp:attachment":[{"href":"https:\/\/linuelle.com\/en\/wp-json\/wp\/v2\/media?parent=5049"}],"wp:term":[{"taxonomy":"product_brand","embeddable":true,"href":"https:\/\/linuelle.com\/en\/wp-json\/wp\/v2\/product_brand?post=5049"},{"taxonomy":"product_cat","embeddable":true,"href":"https:\/\/linuelle.com\/en\/wp-json\/wp\/v2\/product_cat?post=5049"},{"taxonomy":"product_tag","embeddable":true,"href":"https:\/\/linuelle.com\/en\/wp-json\/wp\/v2\/product_tag?post=5049"}],"curies":[{"name":"wp","href":"https:\/\/api.w.org\/{rel}","templated":true}]}}